{"id":186,"date":"2018-06-18T16:25:26","date_gmt":"2018-06-18T21:25:26","guid":{"rendered":"http:\/\/escninosciegos.org\/?page_id=186"},"modified":"2020-02-12T12:01:28","modified_gmt":"2020-02-12T17:01:28","slug":"politica-de-privacidad","status":"publish","type":"page","link":"https:\/\/escninosciegos.org\/index.php\/quienes-somos\/politica-de-privacidad\/","title":{"rendered":"Aviso de privacidad"},"content":{"rendered":"<div class=\"container\">\n<div id=\"content\" class=\"site-content\">\n<div class=\"row\">\n<div id=\"primary\" class=\"content-area\" style=\"text-align: center;\">\n<article id=\"post-36\" class=\"post-36 page type-page status-publish hentry\">\n<footer class=\"entry-footer\"><strong>DOMICILIO: ESCUELA PARA NI\u00d1AS CIEGAS DE GUADALAJARA, A.C., <\/strong> L\u00f3pez Mateos Sur No. 3946, Col. La Calma, Zapopan, Jalisco 45070.<\/p>\n<p><strong>Los datos personales que ser\u00e1n sometidos a tratamiento.<\/strong><\/p>\n<p>Para llevar a cabo las finalidades descritas en el presente aviso de privacidad, utilizaremos los siguientes datos personales:<\/p>\n<p><strong>Alumnos, padres de familia, tutores y personal<\/strong>: Nombre, domicilio, lugar y fecha de nacimiento, sexo, fotograf\u00eda, estado civil, domicilio, correo electr\u00f3nico, firma, Registro Federal de Contribuyentes (RFC), Clave \u00fanica de Registro de Poblaci\u00f3n (CURP), grado de estudios, tel\u00e9fono, vida laboral, diagn\u00f3sticos m\u00e9dicos (s\u00f3lo alumnos) y la persona a quien se dar\u00e1 aviso en caso de emergencia.<\/p>\n<p><strong>Donantes<\/strong>: Nombre, domicilio fiscal, Registro Federal de Contribuyentes (RFC), correo electr\u00f3nico, tel\u00e9fono y forma de pago.<\/p>\n<ul>\n<li><strong>Fundamento legal que faculta al responsable para llevar la PROTECCI\u00d3N Y TRATAMIENTO de datos personales recabados:<\/strong><\/li>\n<\/ul>\n<p>En ese sentido, cabe se\u00f1alar que esta instituci\u00f3n est\u00e1 obligada a proteger sus datos personales con fundamento en lo establecido en el art\u00edculo 6, Apartado A, fracci\u00f3n III y 16 segundo p\u00e1rrafo de la Constituci\u00f3n Pol\u00edtica de los Estados Unidos Mexicanos, en los art\u00edculos 4 y 9 fracci\u00f3n V de la Constituci\u00f3n Pol\u00edtica del Estado de Jalisco, en el art\u00edculo 3.1. fracciones III, XXXII, art\u00edculos 10, 11, 19, 24 y 87, 1. Fracciones I y X de la Ley de Protecci\u00f3n de Datos Personales en Posesi\u00f3n de Sujetos Obligados Del Estado de Jalisco y sus Municipios, as\u00ed como en el art\u00edculo 17 del Reglamento de Transparencia, Acceso a la Informaci\u00f3n P\u00fablica y Protecci\u00f3n de Datos Personales de la Administraci\u00f3n P\u00fablica Centralizada del Estado de Jalisco.<\/p>\n<ol>\n<li><strong>Finalidades del tratamiento para las cuales se obtienen los datos personales distinguiendo aquellas que requieren el consentimiento del titular:<\/strong><\/li>\n<\/ol>\n<p>Los datos personales que recabamos los utilizaremos para las siguientes finalidades que son necesarias para los diversos tr\u00e1mites y servicios que se solicitan:<\/p>\n<p><strong>Alumnos, padres de familia y personal:<\/strong><\/p>\n<ol>\n<li>Este sujeto obligado recaba de acuerdo al tr\u00e1mite a realizar, datos personales y sensibles que pueden ser utilizados para los procesos de preinscripci\u00f3n, inscripci\u00f3n, reinscripci\u00f3n, promoci\u00f3n, participaci\u00f3n en convocatorias, resultados, certificaci\u00f3n, adem\u00e1s de los relativos a la contrataci\u00f3n de personal, tr\u00e1mites y asuntos administrativos, la realizaci\u00f3n de eventos, as\u00ed como para otorgar un servicio de calidad y oportunidad para atender los requerimientos que nos sean solicitados.<\/li>\n<li>Realizaci\u00f3n de estudios socio econ\u00f3micos.<\/li>\n<\/ol>\n<p><strong>Donantes:<\/strong><\/p>\n<ol>\n<li>Para la elaboraci\u00f3n de recibos deducibles de impuestos, invitaciones, informaci\u00f3n de resultados e informes a las autoridades competentes.<\/li>\n<\/ol>\n<p>As\u00ed mismo, le informamos que NO RECABAMOS informaci\u00f3n personal cuya finalidad no sea necesaria para el tr\u00e1mite o servicio solicitado.<\/p>\n<p>Los datos personales recabados en los sistemas de datos personales de la Escuela para Ni\u00f1as Ciegas de Guadalajara, A.C., podr\u00e1n ser tratados sin consentimiento del titular, siempre en respeto a sus derechos; teniendo como supuestos de excepci\u00f3n a los principios que rigen el tratamiento de datos, la seguridad p\u00fablica, prevenci\u00f3n o persecuci\u00f3n de delitos en esta entidad federativa y disposiciones de orden p\u00fablico, o en su caso, para proteger los derechos de terceros, seg\u00fan lo establece el segundo p\u00e1rrafo del art\u00edculo 16 de la Constituci\u00f3n Pol\u00edtica de los Estados Unidos Mexicanos, concatenado con lo dispuesto en el Cap\u00edtulo II del t\u00edtulo Sexto de la Ley de Protecci\u00f3n de Datos Personales en Posesi\u00f3n de Sujetos Obligados del Estado de Jalisco y sus Municipios.<\/p>\n<p><strong>\u00a0<\/strong><\/p>\n<p><strong>Transferencia de datos personales:<\/strong><\/p>\n<p><strong>\u00a0<\/strong><\/p>\n<p>Les informamos que NO realizamos transferencias de informaci\u00f3n personal de las cuales sea necesario su consentimiento, as\u00ed mismo, cuando se requiera dar un tratamiento distinto, \u00e9ste le ser\u00e1 informado para obtener su consentimiento MEDIANTE la carta de consentimiento de transferencia, con las excepciones enmarcadas en el art\u00edculo 75 de la Ley de Protecci\u00f3n de Datos, el cual establece que no se requiere autorizaci\u00f3n del titular de la informaci\u00f3n confidencial para proporcionar a terceros cuando se encuentra en registros o en fuentes de acceso p\u00fablico, est\u00e9 sujeta a una orden judicial o cuente con el consentimiento expreso de no confidencialidad por escrito de las personas referidas en la informaci\u00f3n que contenga datos personales, sea necesaria para fines estad\u00edsticos, cient\u00edficos o de inter\u00e9s general por ley y no pueda asociarse con personas en particular, sea necesaria para la prevenci\u00f3n, diagn\u00f3stico o atenci\u00f3n m\u00e9dica del propio titular de dicha informaci\u00f3n, se transmita a las autoridades estatales y municipales, siempre que los datos se utilicen para el ejercicio de sus atribuciones, se transmita de las autoridades estatales y municipales a terceros para fines p\u00fablicos espec\u00edficos, sin que pueda utilizarse para otros distintos, est\u00e9 relacionado con el otorgamiento de est\u00edmulos, apoyos, subsidios y recursos p\u00fablicos, sea necesaria para el otorgamiento de concesiones, autorizaciones, licencias o permisos y sea considerada como no confidencial por disposici\u00f3n legal expresa, adem\u00e1s de la normatividad federal aplicable a la materia, si usted no manifiesta su negativa para dichas transferencia, entenderemos que se ha otorgado.<\/p>\n<p>Cuando se realicen transferencias de datos personales se informar\u00e1 lo siguiente: Los datos personales consistentes en nombre, clave del Registro Federal de Contribuyentes, correo electr\u00f3nico personal y pagos relacionados con sueldos, salarios y prestaciones, ser\u00e1n transmitidos de manera quincenal o, en su caso, en los per\u00edodos en que se genere la obligaci\u00f3n legal del pago, ante un proveedor de certificaci\u00f3n, de comprobantes fiscales digitales, as\u00ed como al Servicio de Administraci\u00f3n Tributaria, que lo concentrar\u00e1 en su buz\u00f3n fiscal.<\/p>\n<p>Se le informa que no se consideran transferencias las remisiones ni la comunicaci\u00f3n de datos entre \u00e1reas o unidades administrativas adscritas al mismo sujeto obligado en el ejercicio de sus atribuciones. No obstante, se hace de su conocimiento que los datos personales proporcionados de manera interna, tambi\u00e9n ser\u00e1n utilizados para efectos de control interno, auditor\u00eda, fiscalizaci\u00f3n y, eventualmente, fincar responsabilidades y atenci\u00f3n de asuntos contenciosos, administrativos, judiciales y\/o laborales, as\u00ed como aquellos que deriven de la relaci\u00f3n laboral-administrativa entre el empleado y el sujeto obligado, as\u00ed como la Secretar\u00eda de Administraci\u00f3n.<\/p>\n<p>Resulta importante que usted considere que, al brindar su consentimiento para la transmisi\u00f3n de datos personales a las entidades a las que se hizo referencia, dicha informaci\u00f3n ser\u00e1 tratada en un sistema de datos personales diverso al cual hace referencia el presente aviso de privacidad, por lo que se sugiere consultar el aviso de privacidad que corresponda al sistema de datos personales en posesi\u00f3n del destinatario.<\/p>\n<ol>\n<li><strong>Los mecanismos, medios y procedimientos disponibles para ejercer los derechos ARCO.<\/strong><\/li>\n<\/ol>\n<p>El titular de los datos personales puede ejercer sus derechos de acceso, rectificaci\u00f3n, cancelaci\u00f3n y oposici\u00f3n de datos personales (Derechos ARCO), de conformidad con el art\u00edculo 16 p\u00e1rrafo segundo de la Constituci\u00f3n Pol\u00edtica de los Estados Unidos Mexicanos, as\u00ed como acorde a lo que se\u00f1ala el t\u00edtulo Tercero Cap\u00edtulos I, II y III de la Ley de Protecci\u00f3n de Datos Personales en Posesi\u00f3n de Sujetos Obligados del estado de Jalisco y sus Municipios, mediante solicitud presentada en:<\/p>\n<ol>\n<li>A trav\u00e9s del Sistema Electr\u00f3nico INFOMEX Jalisco, incorporado a la Plataforma Nacional de Transparencia en la liga <a href=\"http:\/\/infomexjalisco.org.mx\/InfomexJalisco\/\">http:\/\/infomexjalisco.org.mx\/InfomexJalisco\/<\/a><\/li>\n<li>Por escrito libre o formato presentado en la Unidad de Transparencia de la Coordinaci\u00f3n General Estrat\u00e9gica de Desarrollo Social del Estado de Jalisco.<\/li>\n<\/ol>\n<ol>\n<li><strong>El domicilio de la Unidad de Transparencia.<\/strong><\/li>\n<\/ol>\n<p><strong>\u00a0<\/strong><\/p>\n<p>La Unidad de Transparencia de la Coordinaci\u00f3n General Estrat\u00e9gica de Desarrollo Social, ubicada en Av. Am\u00e9ricas 599, Edificio Cuauht\u00e9moc, piso 10, Colonia Lomas de Guevara, Guadalajara, Jalisco, con un horario de atenci\u00f3n de lunes a viernes de 09:00 a 15:00 horas, d\u00edas h\u00e1biles.<\/p>\n<ul>\n<li><strong>Los medios a trav\u00e9s de los cuales el responsable comunicar\u00e1 a los titulares los cambios de aviso de privacidad.<\/strong><\/li>\n<\/ul>\n<p><strong>\u00a0<\/strong><\/p>\n<p>El presente Aviso de Privacidad est\u00e1 sujeto a cambios y modificaciones como consecuencia de las actualizaciones y reformas en el marco jur\u00eddico, por lo que le pedimos lo revise constantemente en la p\u00e1gina Web de esta instituci\u00f3n <a href=\"https:\/\/www.escninosciegos.org\">https:\/\/www.escninosciegos.org<\/a> o en la presente publicaci\u00f3n, a fin de que pueda estar al tanto de la \u00faltima versi\u00f3n que rige el tratamiento de los datos personales, no obstante lo anterior, el Acuerdo de Privacidad, siempre deber\u00e1 observar las disposiciones jur\u00eddicas aplicables.<\/p>\n<p>Actualizaci\u00f3n:\u00a0 Febrero\u00a0 2020<\/p>\n<\/footer>\n<footer>\n<hr \/>\n<\/footer>\n<footer><\/footer>\n<\/article>\n<\/div>\n<\/div>\n<\/div>\n<\/div>\n","protected":false},"excerpt":{"rendered":"<p>DOMICILIO: ESCUELA PARA NI\u00d1AS CIEGAS DE GUADALAJARA, A.C., L\u00f3pez Mateos Sur No. 3946, Col. La Calma, Zapopan, Jalisco 45070. Los datos personales que ser\u00e1n sometidos a tratamiento. Para llevar a cabo las finalidades descritas en el presente aviso de privacidad, &hellip; <\/p>\n","protected":false},"author":3,"featured_media":0,"parent":16,"menu_order":0,"comment_status":"closed","ping_status":"closed","template":"","meta":{"give_campaign_id":0,"footnotes":""},"class_list":["post-186","page","type-page","status-publish","hentry"],"campaignId":"","jetpack_sharing_enabled":true,"_links":{"self":[{"href":"https:\/\/escninosciegos.org\/index.php\/wp-json\/wp\/v2\/pages\/186","targetHints":{"allow":["GET"]}}],"collection":[{"href":"https:\/\/escninosciegos.org\/index.php\/wp-json\/wp\/v2\/pages"}],"about":[{"href":"https:\/\/escninosciegos.org\/index.php\/wp-json\/wp\/v2\/types\/page"}],"author":[{"embeddable":true,"href":"https:\/\/escninosciegos.org\/index.php\/wp-json\/wp\/v2\/users\/3"}],"replies":[{"embeddable":true,"href":"https:\/\/escninosciegos.org\/index.php\/wp-json\/wp\/v2\/comments?post=186"}],"version-history":[{"count":5,"href":"https:\/\/escninosciegos.org\/index.php\/wp-json\/wp\/v2\/pages\/186\/revisions"}],"predecessor-version":[{"id":743,"href":"https:\/\/escninosciegos.org\/index.php\/wp-json\/wp\/v2\/pages\/186\/revisions\/743"}],"up":[{"embeddable":true,"href":"https:\/\/escninosciegos.org\/index.php\/wp-json\/wp\/v2\/pages\/16"}],"wp:attachment":[{"href":"https:\/\/escninosciegos.org\/index.php\/wp-json\/wp\/v2\/media?parent=186"}],"curies":[{"name":"wp","href":"https:\/\/api.w.org\/{rel}","templated":true}]}}