{"id":320,"date":"2018-10-16T03:28:35","date_gmt":"2018-10-16T08:28:35","guid":{"rendered":"http:\/\/escninosciegos.org\/?page_id=320"},"modified":"2022-03-15T17:49:18","modified_gmt":"2022-03-15T22:49:18","slug":"320-2","status":"publish","type":"page","link":"https:\/\/escninosciegos.org\/index.php\/servicios\/talleres\/320-2\/","title":{"rendered":"Deportes"},"content":{"rendered":"<p>Para lograr que los ni\u00f1os con discapacidad visual -ceguera o baja visi\u00f3n-, desarrollen sus capacidades y habilidades dentro del deporte y la educaci\u00f3n f\u00edsica, es necesario adaptar las actividades y materiales que necesitan.<\/p>\n<p>Dentro de nuestra escuela, en clase de educaci\u00f3n f\u00edsica desarrollan habilidades motoras, de coordinaci\u00f3n, fuerza y velocidad entre otras. Corren, participan en juegos organizados, utilizan cuerdas, pelotas con sonido, aros, tablitas, etc.<\/p>\n<p>Algunos de los ni\u00f1os muestran inter\u00e9s y tienen la habilidad deportiva para competir en las categor\u00edas infantiles o juveniles de acuerdo a su edad, en atletismo, Golbol, nataci\u00f3n y judo, en categor\u00edas de mayor edad en futbol 5.<\/p>\n<p>Con apoyo de organismos gubernamentales como el CODE. Ellos pueden participar en competencias deportivas a nivel estatal, nacional e incluso internacional.<\/p>\n<p>Los ni\u00f1os de la escuela han participado en la Paralimpiada Nacional en Gol-bol, deporte exclusivo para ciegos y d\u00e9biles visuales. Inici\u00f3 en Alemania, primero como rehabilitaci\u00f3n para los soldados que quedaban ciegos en la segunda guerra mundial, siendo de gran utilidad y despu\u00e9s se pens\u00f3 en un reglamento y en hacerlo deporte, ahora se juega en todo el mundo. Este deporte desarrolla en los ni\u00f1os y en quien lo practica, la habilidad de la orientaci\u00f3n y movilidad, que le da seguridad en su vida diaria.<\/p>\n<p>Tambi\u00e9n han participado en atletismo: lanzamientos, saltos de longitud y pruebas de velocidad en donde son apoyados por un gu\u00eda. Han ganado medallas a su esfuerzo cre\u00e1ndoles orgullo y confianza, adem\u00e1s de una sana convivencia.<\/p>\n<p>La actividad deportiva y f\u00edsica es fundamental para todas las personas de cualquier edad, pero en el caso de las personas con discapacidad ya sea visual o de otra \u00edndole es aun mayor, porque desarrolla en ellos seguridad y confianza que le permitir\u00e1n lograr los prop\u00f3sitos y metas en su vida. Y en la Escuela para Ni\u00f1os Ciegos de Guadalajara estamos comprometidos con el desarrollo integral de nuestros alumnos.<\/p>\n<p><iframe loading=\"lazy\" src=\"https:\/\/www.youtube.com\/embed\/H6HsWyqvFuw?rel=0\" width=\"560\" height=\"315\" frameborder=\"0\" allowfullscreen=\"allowfullscreen\"><\/iframe><\/p>\n\n\n<p><\/p>\n","protected":false},"excerpt":{"rendered":"<p>Para lograr que los ni\u00f1os con discapacidad visual -ceguera o baja visi\u00f3n-, desarrollen sus capacidades y habilidades dentro del deporte y la educaci\u00f3n f\u00edsica, es necesario adaptar las actividades y materiales que necesitan. Dentro de nuestra escuela, en clase de &hellip; <\/p>\n","protected":false},"author":1,"featured_media":0,"parent":58,"menu_order":1,"comment_status":"closed","ping_status":"closed","template":"","meta":{"give_campaign_id":0,"footnotes":""},"class_list":["post-320","page","type-page","status-publish","hentry"],"campaignId":"","jetpack_sharing_enabled":true,"_links":{"self":[{"href":"https:\/\/escninosciegos.org\/index.php\/wp-json\/wp\/v2\/pages\/320","targetHints":{"allow":["GET"]}}],"collection":[{"href":"https:\/\/escninosciegos.org\/index.php\/wp-json\/wp\/v2\/pages"}],"about":[{"href":"https:\/\/escninosciegos.org\/index.php\/wp-json\/wp\/v2\/types\/page"}],"author":[{"embeddable":true,"href":"https:\/\/escninosciegos.org\/index.php\/wp-json\/wp\/v2\/users\/1"}],"replies":[{"embeddable":true,"href":"https:\/\/escninosciegos.org\/index.php\/wp-json\/wp\/v2\/comments?post=320"}],"version-history":[{"count":7,"href":"https:\/\/escninosciegos.org\/index.php\/wp-json\/wp\/v2\/pages\/320\/revisions"}],"predecessor-version":[{"id":1042,"href":"https:\/\/escninosciegos.org\/index.php\/wp-json\/wp\/v2\/pages\/320\/revisions\/1042"}],"up":[{"embeddable":true,"href":"https:\/\/escninosciegos.org\/index.php\/wp-json\/wp\/v2\/pages\/58"}],"wp:attachment":[{"href":"https:\/\/escninosciegos.org\/index.php\/wp-json\/wp\/v2\/media?parent=320"}],"curies":[{"name":"wp","href":"https:\/\/api.w.org\/{rel}","templated":true}]}}