{"id":36,"date":"2018-05-03T00:57:08","date_gmt":"2018-05-03T06:57:08","guid":{"rendered":"http:\/\/localhost:81\/wordpress\/?page_id=36"},"modified":"2024-01-04T10:47:56","modified_gmt":"2024-01-04T15:47:56","slug":"noticias-enc","status":"publish","type":"page","link":"https:\/\/escninosciegos.org\/","title":{"rendered":"Inicio"},"content":{"rendered":"<h2 class=\"post-title entry-title\" style=\"text-align: center;\"><div id=\"metaslider-id-1097\" style=\"max-width: 400px; margin: 0 auto;\" class=\"ml-slider-3-108-0 metaslider metaslider-nivo metaslider-1097 ml-slider has-dots-nav ms-theme-architekt\" role=\"region\" aria-label=\"New Slideshow\" data-height=\"500\" data-width=\"400\">\n    <div id=\"metaslider_container_1097\">\n        <div class='slider-wrapper theme-default'><div class='ribbon'><\/div><div id='metaslider_1097' class='nivoSlider'><img loading=\"lazy\" decoding=\"async\" src=\"https:\/\/escninosciegos.org\/wp-content\/uploads\/2024\/01\/d4d076ac-6803-4beb-b806-3994cb6efb87-400x500.jpg\" height=\"500\" width=\"400\" title=\"d4d076ac-6803-4beb-b806-3994cb6efb87\" alt=\"\" class=\"slider-1097 slide-1164 msDefaultImage\" \/><img loading=\"lazy\" decoding=\"async\" src=\"https:\/\/escninosciegos.org\/wp-content\/uploads\/2024\/01\/d2f1feb5-cd1a-48d4-81fa-5f6f53890291-400x500.jpg\" height=\"500\" width=\"400\" title=\"d2f1feb5-cd1a-48d4-81fa-5f6f53890291\" alt=\"\" class=\"slider-1097 slide-1165 msDefaultImage\" \/><img loading=\"lazy\" decoding=\"async\" src=\"https:\/\/escninosciegos.org\/wp-content\/uploads\/2024\/01\/973b9422-6d1f-45c1-bfac-3de2356cbc45-400x500.jpg\" height=\"500\" width=\"400\" title=\"973b9422-6d1f-45c1-bfac-3de2356cbc45\" alt=\"\" class=\"slider-1097 slide-1166 msDefaultImage\" \/><img loading=\"lazy\" decoding=\"async\" src=\"https:\/\/escninosciegos.org\/wp-content\/uploads\/2024\/01\/67d62d0c-1335-4c8d-8f31-796fd1f5ce83-400x500.jpg\" height=\"500\" width=\"400\" title=\"67d62d0c-1335-4c8d-8f31-796fd1f5ce83\" alt=\"\" class=\"slider-1097 slide-1167 msDefaultImage\" \/><img loading=\"lazy\" decoding=\"async\" src=\"https:\/\/escninosciegos.org\/wp-content\/uploads\/2024\/01\/5fe8b5bc-18af-4b81-86aa-205563d296ab-400x500.jpg\" height=\"500\" width=\"400\" title=\"5fe8b5bc-18af-4b81-86aa-205563d296ab\" alt=\"\" class=\"slider-1097 slide-1168 msDefaultImage\" \/><img loading=\"lazy\" decoding=\"async\" src=\"https:\/\/escninosciegos.org\/wp-content\/uploads\/2024\/01\/e4af0cfd-56b6-4c1c-9f08-5f5caacec67c-400x500.jpg\" height=\"500\" width=\"400\" title=\"e4af0cfd-56b6-4c1c-9f08-5f5caacec67c\" alt=\"\" class=\"slider-1097 slide-1169 msDefaultImage\" \/><img loading=\"lazy\" decoding=\"async\" src=\"https:\/\/escninosciegos.org\/wp-content\/uploads\/2024\/01\/Lia-3-mesesy-su-mama-Alejandra-Veronica-fisioterapia-400x500.jpg\" height=\"500\" width=\"400\" title=\"Lia (3 meses)y su mama\u0301 Alejandra Vero\u0301nica fisioterapia\" alt=\"\" class=\"slider-1097 slide-1170 msDefaultImage\" \/><img loading=\"lazy\" decoding=\"async\" src=\"https:\/\/escninosciegos.org\/wp-content\/uploads\/2024\/01\/5d2b4766-2b22-41ab-853f-2537955c1d15-400x500.jpg\" height=\"500\" width=\"400\" title=\"5d2b4766-2b22-41ab-853f-2537955c1d15\" alt=\"\" class=\"slider-1097 slide-1171 msDefaultImage\" \/><img loading=\"lazy\" decoding=\"async\" src=\"https:\/\/escninosciegos.org\/wp-content\/uploads\/2024\/01\/9be51acb-69a3-4a07-a435-c876b571a2fd-400x500.jpg\" height=\"500\" width=\"400\" title=\"9be51acb-69a3-4a07-a435-c876b571a2fd\" alt=\"\" class=\"slider-1097 slide-1172 msDefaultImage\" \/><img loading=\"lazy\" decoding=\"async\" src=\"https:\/\/escninosciegos.org\/wp-content\/uploads\/2024\/01\/861e590b-c463-4dbc-aa44-bbab4e9fb084-400x500.jpg\" height=\"500\" width=\"400\" title=\"861e590b-c463-4dbc-aa44-bbab4e9fb084\" alt=\"\" class=\"slider-1097 slide-1173 msDefaultImage\" \/><img loading=\"lazy\" decoding=\"async\" src=\"https:\/\/escninosciegos.org\/wp-content\/uploads\/2024\/01\/29fe8a64-6abe-4bea-8df8-95e8ba439b69-400x500.jpg\" height=\"500\" width=\"400\" title=\"29fe8a64-6abe-4bea-8df8-95e8ba439b69\" alt=\"\" class=\"slider-1097 slide-1174 msDefaultImage\" \/><\/div><\/div>\n        \n    <\/div>\n<\/div><\/h2>\n<h2 class=\"post-title entry-title\" style=\"text-align: center;\"><\/h2>\n<p><img loading=\"lazy\" decoding=\"async\" class=\"aligncenter  wp-image-104\" src=\"https:\/\/escninosciegos.org\/wp-content\/uploads\/2018\/06\/LOGO-ENC-copia.png\" alt=\"\" width=\"335\" height=\"226\" srcset=\"https:\/\/escninosciegos.org\/wp-content\/uploads\/2018\/06\/LOGO-ENC-copia.png 1500w, https:\/\/escninosciegos.org\/wp-content\/uploads\/2018\/06\/LOGO-ENC-copia-300x203.png 300w, https:\/\/escninosciegos.org\/wp-content\/uploads\/2018\/06\/LOGO-ENC-copia-768x519.png 768w, https:\/\/escninosciegos.org\/wp-content\/uploads\/2018\/06\/LOGO-ENC-copia-1024x692.png 1024w\" sizes=\"auto, (max-width: 335px) 100vw, 335px\" \/><\/p>\n<h1 style=\"text-align: center;\"><strong>Escuela para ni\u00f1os ciegos A.C.&nbsp;<\/strong><\/h1>\n<p style=\"text-align: center;\">Av. L\u00f3pez Mateos Sur #3946 Col. La Calma, Zapopan, Jal. M\u00e9xico<\/p>\n<h1 style=\"text-align: center;\">Tel: (0052)33 3632-9621<\/h1>\n<h2 class=\"post-title entry-title\" style=\"text-align: center;\"><span style=\"vertical-align: inherit;\"><a href=\"https:\/\/escninosciegos.org\/index.php\/ubicacion\/\">Ubicaci\u00f3n y Contacto<\/a><\/span><\/h2>\n","protected":false},"excerpt":{"rendered":"<p>Escuela para ni\u00f1os ciegos A.C.&nbsp; Av. L\u00f3pez Mateos Sur #3946 Col. La Calma, Zapopan, Jal. M\u00e9xico Tel: (0052)33 3632-9621 Ubicaci\u00f3n y Contacto<\/p>\n","protected":false},"author":1,"featured_media":0,"parent":0,"menu_order":0,"comment_status":"closed","ping_status":"closed","template":"","meta":{"give_campaign_id":0,"footnotes":""},"class_list":["post-36","page","type-page","status-publish","hentry"],"campaignId":"","jetpack_sharing_enabled":true,"_links":{"self":[{"href":"https:\/\/escninosciegos.org\/index.php\/wp-json\/wp\/v2\/pages\/36","targetHints":{"allow":["GET"]}}],"collection":[{"href":"https:\/\/escninosciegos.org\/index.php\/wp-json\/wp\/v2\/pages"}],"about":[{"href":"https:\/\/escninosciegos.org\/index.php\/wp-json\/wp\/v2\/types\/page"}],"author":[{"embeddable":true,"href":"https:\/\/escninosciegos.org\/index.php\/wp-json\/wp\/v2\/users\/1"}],"replies":[{"embeddable":true,"href":"https:\/\/escninosciegos.org\/index.php\/wp-json\/wp\/v2\/comments?post=36"}],"version-history":[{"count":16,"href":"https:\/\/escninosciegos.org\/index.php\/wp-json\/wp\/v2\/pages\/36\/revisions"}],"predecessor-version":[{"id":1195,"href":"https:\/\/escninosciegos.org\/index.php\/wp-json\/wp\/v2\/pages\/36\/revisions\/1195"}],"wp:attachment":[{"href":"https:\/\/escninosciegos.org\/index.php\/wp-json\/wp\/v2\/media?parent=36"}],"curies":[{"name":"wp","href":"https:\/\/api.w.org\/{rel}","templated":true}]}}